{"id":14,"date":"2019-10-05T21:39:52","date_gmt":"2019-10-05T19:39:52","guid":{"rendered":"http:\/\/www.hofstetter.or.at\/Weingut-Lehner\/?page_id=14"},"modified":"2024-02-06T18:21:49","modified_gmt":"2024-02-06T17:21:49","slug":"one-page-express","status":"publish","type":"page","link":"http:\/\/www.hofstetter.or.at\/Weingut-Lehner\/","title":{"rendered":""},"content":{"rendered":"<div  id=\"weingut\" class=\"content-left-image-section content-image-left\" style=\"background-color: #f6f6f6;\" data-label=\"weingut\" data-id=\"content-image-left\" data-category=\"content\">\n<div  class=\"\">\n<div  class=\"row\">\n<div  class=\"content-left-image-imgcol\" data-type=\"column\"><img decoding=\"async\"  class=\"custom-image\" src=\"http:\/\/www.hofstetter.or.at\/Weingut-Lehner\/wp-content\/uploads\/2019\/10\/IMG_3188-1-e1570644761982.jpg\"><\/div>\n<div  class=\"content-left-image-textcol dynamic-color\" data-type=\"column\">\n<h2  class=\"\">\u00dcber uns<\/h2>\n<p  class=\"large_text\">Sehr geehrter Weinliebhaber!<\/p>\nWir erlauben uns, Ihnen mit diesem Folder einige Informationen \u00fcber unser Wein-sortiment und unseren Betrieb zu vermitteln.\n\nUnser Betrieb befindet sich im sonnigen H\u00fcgelland um Retz. Die Beschaffenheit des Klimas und des Bodens tr\u00e4gt dazu bei, dass in Gro\u00dfnondorf schon seit Jahrhunderten Weinbau betrieben wird.\n\nLaut Ahnenforschung ist unsere Familie seit dem Jahre 1753 auf dem Hof Nr. 136 ans\u00e4ssig und betreibt seit Generationen Weinbau. Vor etwa 35 Jahren wurde der Anbau und die Vermarktung des Weines zum Hauptaugenmerk unseres Familienbetriebes.\nDas Zusammenspiel von moderner Technik, Sorgfalt und traditioneller Erfahrung sind erforderlich und mit strenger Sorten- und Qualit\u00e4tsauslese garantieren wir f\u00fcr hoch-wertige und gleichbleibende Qualit\u00e4t. In unseren F\u00e4ssern aus Holz und Edelstahl reifen somit Weine wie der pfeffrige Gr\u00fcne Veltliner, der fruchtig-elegante Riesling, der vollmundige Neuburger und der fruchtig-milde Zweigelt heran. Unsere Weine zeichnen sich vor allem durch ihre besondere Bek\u00f6mmlichkeit aus.\nWir sind stolz, dass unsere Weine schon auf vielen nationalen Weinmessen Medaillen gewinnen konnten, die f\u00fcr uns eine Best\u00e4tigung des Arbeitseinsatzes bedeuten.\nZu den Kunden unseres Hauses z\u00e4hlen Gastronomiebetriebe zu denen sich einegute \u2013 nicht selten jahrzehntelange \u2013 Gesch\u00e4ftsbeziehung entwickelt hat.\n\nWie spritzig, fruchtig und rassig die Weine unseres Weinguts schmecken, davon kann sich jeder am besten bei einer Weinprobe \u00fcberzeugengute \u2013 nicht selten jahrzehntelange \u2013 Gesch\u00e4ftsbeziehung entwickelt hat.\n\nWie spritzig, fruchtig und rassig die Weine unseres Weinguts schmecken, davon kann sich jeder am besten bei einer Weinprobe \u00fcberzeugen\n\n<\/div>\n<\/div>\n<\/div>\n<\/div><div  id=\"weine\" class=\"features-small-image-cards-section\" style=\"background-color: #f6f6f6;\" data-label=\"weine\" data-id=\"features-small-image-cards-section\" data-category=\"features\">\n<div  class=\"gridContainer\">\n<div  class=\"features-small-image-cards-textrow\">\n<div  class=\"features-small-image-cards-textcol dynamic-color\" data-type=\"column\">\n<h2  class=\"\">Unsere Weine<\/h2>\n<p  class=\"\">F\u00fcr unsere Kunden versuchen wir ein breites Sortiment typischer Weine bereitzustellen. Mit unseren Weinen konnten wir schon viele Preise erlangen wie z.B. Salon<\/p>\n\n<\/div>\n<\/div>\n<div  class=\"features-small-image-cards-featrow dark-text\" data-type=\"row\">\n<div  class=\"features-small-image-cards-featcol cp6cols\">\n<div  class=\"features-small-image-cards-featinnerrow flexbox-list\">\n<div  class=\"features-small-image-cards-imgcol\" style=\"background-image: url('http:\/\/www.hofstetter.or.at\/Weingut-Lehner\/wp-content\/uploads\/2019\/10\/IMG_3188-Copy-e1570648279106.jpg');\" data-bg=\"image\">&nbsp;<\/div>\n<div  class=\"features-small-image-cards-featcol-feattextcol\" data-type=\"column\">\n<h4  class=\"heading103\">Weinviertel DAC Halbjoch<\/h4>\n<p  class=\"\">Frisch und fruchtig mit leicht spritzigem Abgang.\nHellgr\u00fcne Farbe.\nAlk 12,5 Vol% 1,1g\/l RZ 6,2%o S\u00e4ure<\/p>\n\n<\/div>\n<\/div>\n<\/div>\n<div  class=\"features-small-image-cards-featcol cp6cols\">\n<div  class=\"features-small-image-cards-featinnerrow flexbox-list\">\n<div  class=\"features-small-image-cards-imgcol\" style=\"background-image: url('http:\/\/www.hofstetter.or.at\/Weingut-Lehner\/wp-content\/uploads\/2019\/10\/IMG_3188-Copy-e1570648279106.jpg');\" data-bg=\"image\">&nbsp;<\/div>\n<div  class=\"features-small-image-cards-featcol-feattextcol\" data-type=\"column\">\n<h4  class=\"heading103\">Weinviertel DAC Selection Sandberg<\/h4>\n<p  class=\"\">Der Gr\u00fcne Veltliner aus dem Weinviertel, herkunftstypisch, w\u00fcrzig, pfeffrig.\nZarte goldgelbe Farbnuancen.\nAlk. 12,5 Vol % 1,0g\/l RZ 6,4 %o S\u00e4ure<\/p>\n\n<\/div>\n<\/div>\n<\/div>\n<div  class=\"features-small-image-cards-featcol cp6cols\">\n<div  class=\"features-small-image-cards-featinnerrow flexbox-list\">\n<div  class=\"features-small-image-cards-imgcol\" style=\"background-image: url('http:\/\/www.hofstetter.or.at\/Weingut-Lehner\/wp-content\/uploads\/2019\/10\/IMG_3188-Copy-e1570648279106.jpg');\" data-bg=\"image\">&nbsp;<\/div>\n<div  class=\"features-small-image-cards-featcol-feattextcol\" data-type=\"column\">\n<h4  class=\"heading103\">Neuburger<\/h4>\n<p  class=\"\">Milder Qualit\u00e4tswein dessen Aromen ganz zart zu nussartigem Geschmack tendieren.\nAlk. 12,5 Vol % 3,3 g\/l RZ 5,0 %o S\u00e4ure<\/p>\n\n<\/div>\n<\/div>\n<\/div>\n<div  class=\"features-small-image-cards-featcol cp6cols\">\n<div  class=\"features-small-image-cards-featinnerrow flexbox-list\">\n<div  class=\"features-small-image-cards-imgcol\" style=\"background-image: url('http:\/\/www.hofstetter.or.at\/Weingut-Lehner\/wp-content\/uploads\/2019\/10\/IMG_3188-Copy-e1570648279106.jpg');\" data-bg=\"image\">&nbsp;<\/div>\n<div  class=\"features-small-image-cards-featcol-feattextcol\" data-type=\"column\">\n<h4  class=\"heading103\">Rheinriesling<\/h4>\n<p  class=\"\">Helle, goldgelbe Farbe, weiche, etwas breite Nase mit subtiler Rieslingfrucht und einem Hauch Marille. Betont trocken und rassig, ein Wein mit Zukunft.\nAlk. 12,5 Vol % 6,2 g\/l RZ 6,9%o S\u00e4ure<\/p>\n\n<\/div>\n<\/div>\n<\/div>\n<div  class=\"features-small-image-cards-featcol cp6cols\">\n<div  class=\"features-small-image-cards-featinnerrow flexbox-list\">\n<div  class=\"features-small-image-cards-imgcol\" style=\"background-image: url('http:\/\/www.hofstetter.or.at\/Weingut-Lehner\/wp-content\/uploads\/2019\/10\/IMG_3188-Copy-e1570648279106.jpg');\" data-bg=\"image\">&nbsp;<\/div>\n<div  class=\"features-small-image-cards-featcol-feattextcol\" data-type=\"column\">\n<h4  class=\"heading103\">Gelber Muskateller<\/h4>\n<p  class=\"\">Zarter Muskatgeschmack, harmonisches Zucker- S\u00e4ureverh\u00e4ltnis.\nAlk. 12,5 4g\/lRZ 5,8%o S\u00e4ure<\/p>\n\n<\/div>\n<\/div>\n<\/div>\n<div  class=\"features-small-image-cards-featcol cp6cols\">\n<div  class=\"features-small-image-cards-featinnerrow flexbox-list\">\n<div  class=\"features-small-image-cards-imgcol\" style=\"background-image: url('http:\/\/www.hofstetter.or.at\/Weingut-Lehner\/wp-content\/uploads\/2019\/10\/IMG_3188-Copy-e1570648279106.jpg');\" data-bg=\"image\">&nbsp;<\/div>\n<div  class=\"features-small-image-cards-featcol-feattextcol\" data-type=\"column\">\n<h4  class=\"heading103\">Sauvigon Blanc<\/h4>\n<p  class=\"\">FFarbe kr\u00e4ftig gr\u00fcngelb, Geruch Maracuja und gr\u00fcner Paprika. Geschmack extraktreich mit eingebundener S\u00e4urestruktur\nAlk. 12,0 Vol % 3,0 g\/l RZ 6,3%o S\u00e4ure<\/p>\n\n<\/div>\n<\/div>\n<\/div>\n<div  class=\"features-small-image-cards-featcol cp6cols\">\n<div  class=\"features-small-image-cards-featinnerrow flexbox-list\">\n<div  class=\"features-small-image-cards-imgcol\" style=\"background-image: url('http:\/\/www.hofstetter.or.at\/Weingut-Lehner\/wp-content\/uploads\/2019\/10\/IMG_3188-Copy-2-e1570648327678.jpg');\" data-bg=\"image\">&nbsp;<\/div>\n<div  class=\"features-small-image-cards-featcol-feattextcol\" data-type=\"column\">\n<h4  class=\"heading103\">Rose\u00e9 Creation<\/h4>\n<p  class=\"\">Zartrosa Farbe mit leichtem Schimmer, fruchtiges Bukett mit feinem\nWeichselduft, voller Geschmack, harmonisch\neingebundenes S\u00e4urespiel mit samtigem\nGaumen.\nAlk. 12,4Vol % 6,4 g\/l RZ 5,8%o S\u00e4ure<\/p>\n\n<\/div>\n<\/div>\n<\/div>\n<div  class=\"features-small-image-cards-featcol cp6cols\">\n<div  class=\"features-small-image-cards-featinnerrow flexbox-list\">\n<div  class=\"features-small-image-cards-imgcol\" style=\"background-image: url('http:\/\/www.hofstetter.or.at\/Weingut-Lehner\/wp-content\/uploads\/2019\/10\/IMG_3188-Copy-2-e1570648327678.jpg');\" data-bg=\"image\">&nbsp;<\/div>\n<div  class=\"features-small-image-cards-featcol-feattextcol\" data-type=\"column\">\n<h4  class=\"heading103\">Zweigelt<\/h4>\n<p  class=\"\">Klassischer Zweigelt, lieblicher Sauerkirscheduft eingebunden in eine satte rote Farbe\nAlk. 13,0 Vol% 3,2g\/l RZ 5,1%o S\u00e4ure<\/p>\n\n<\/div>\n<\/div>\n<\/div>\n<div  class=\"features-small-image-cards-featcol cp6cols\">\n<div  class=\"features-small-image-cards-featinnerrow flexbox-list\">\n<div  class=\"features-small-image-cards-imgcol\" style=\"background-image: url('http:\/\/www.hofstetter.or.at\/Weingut-Lehner\/wp-content\/uploads\/2019\/10\/IMG_3188-Copy-2-e1570648327678.jpg');\" data-bg=\"image\">&nbsp;<\/div>\n<div  class=\"features-small-image-cards-featcol-feattextcol\" data-type=\"column\">\n<h4  class=\"heading103\">Cuve\u00e9 Rath\u00e1y&amp;Roesler<\/h4>\n<p  class=\"\">Tiefdunkles Rot, im Geschmack internationaler Brombeerton.\nIm Barriquefass gereift.\nAlk. 13,3Vol % 1,5 g\/l RZ\n5,2 %o S\u00e4ure<\/p>\n\n<\/div>\n<\/div>\n<\/div>\n<\/div>\n<\/div>\n<\/div><div  id=\"verkostung\" class=\"testimonials-full-section\" style=\"background-color: #ffffff;\" data-label=\"Verkostung\" data-id=\"testimonials-full-section\" data-category=\"testimonials\">\n<div  class=\"testimonials-full-section\">\n<div  class=\"testimonials-full-textrow dynamic-color\">\n<div  class=\"testimonials-full-textcol\" data-type=\"column\">\n<h2  class=\"\">VERKOSTUNG<\/h2>\n<p  class=\"\">Wir organisieren f\u00fcr Sie Ihre private Feier in unserem modernen Verkostungsst\u00fcberl bis zu 30 Personen<\/p>\n\n<!-- default-view.php -->\n\n<!-- default-view.php -->\n\n<!-- default-view.php -->\n\n<!-- default-view.php -->\n\n<\/div>\n<\/div>\n<\/div>\n<\/div><div  id=\"kontakt\" class=\"content-right-image-section content-image-right\" style=\"background-color: #f6f6f6;\" data-label=\"Kontakt\" data-id=\"content-image-right\" data-category=\"content\">\n<div  class=\"\">\n<div  class=\"content-right-image-gridcol\">\n<div  class=\"content-right-image-textcol dynamic-color\" data-type=\"column\"><img decoding=\"async\"  class=\"custom-image\" src=\"http:\/\/www.hofstetter.or.at\/Weingut-Lehner\/wp-content\/uploads\/2019\/10\/kontakt1-e1570650311742.jpg\"><\/div>\n<div  class=\"content-right-image-imgcol\" data-type=\"column\"><img decoding=\"async\"  class=\"custom-image\" src=\"http:\/\/www.hofstetter.or.at\/Weingut-Lehner\/wp-content\/uploads\/2019\/10\/kontakt-1-e1570650386811.jpg\"><\/div>\n<\/div>\n<\/div>\n<\/div>","protected":false},"excerpt":{"rendered":"<p>\u00dcber uns Sehr geehrter Weinliebhaber! Wir erlauben uns, Ihnen mit diesem Folder einige Informationen \u00fcber unser Wein-sortiment und unseren Betrieb zu vermitteln. Unser Betrieb befindet sich im sonnigen H\u00fcgelland um Retz. Die Beschaffenheit des Klimas und des Bodens tr\u00e4gt dazu bei, dass in Gro\u00dfnondorf schon seit Jahrhunderten Weinbau betrieben wird. Laut Ahnenforschung ist unsere Familie&hellip; <br \/> <a class=\"button small blue\" href=\"http:\/\/www.hofstetter.or.at\/Weingut-Lehner\/\">Weiterlesen<\/a><\/p>\n","protected":false},"author":1,"featured_media":0,"parent":0,"menu_order":0,"comment_status":"closed","ping_status":"closed","template":"","meta":{"ngg_post_thumbnail":0,"footnotes":""},"_links":{"self":[{"href":"http:\/\/www.hofstetter.or.at\/Weingut-Lehner\/index.php?rest_route=\/wp\/v2\/pages\/14"}],"collection":[{"href":"http:\/\/www.hofstetter.or.at\/Weingut-Lehner\/index.php?rest_route=\/wp\/v2\/pages"}],"about":[{"href":"http:\/\/www.hofstetter.or.at\/Weingut-Lehner\/index.php?rest_route=\/wp\/v2\/types\/page"}],"author":[{"embeddable":true,"href":"http:\/\/www.hofstetter.or.at\/Weingut-Lehner\/index.php?rest_route=\/wp\/v2\/users\/1"}],"replies":[{"embeddable":true,"href":"http:\/\/www.hofstetter.or.at\/Weingut-Lehner\/index.php?rest_route=%2Fwp%2Fv2%2Fcomments&post=14"}],"version-history":[{"count":50,"href":"http:\/\/www.hofstetter.or.at\/Weingut-Lehner\/index.php?rest_route=\/wp\/v2\/pages\/14\/revisions"}],"predecessor-version":[{"id":232,"href":"http:\/\/www.hofstetter.or.at\/Weingut-Lehner\/index.php?rest_route=\/wp\/v2\/pages\/14\/revisions\/232"}],"wp:attachment":[{"href":"http:\/\/www.hofstetter.or.at\/Weingut-Lehner\/index.php?rest_route=%2Fwp%2Fv2%2Fmedia&parent=14"}],"curies":[{"name":"wp","href":"https:\/\/api.w.org\/{rel}","templated":true}]}}